{"id":28260,"date":"2024-07-17T18:28:58","date_gmt":"2024-07-17T18:28:58","guid":{"rendered":"https:\/\/labquiroz.com\/josefernando\/?post_type=product&#038;p=28260"},"modified":"2024-10-14T13:35:13","modified_gmt":"2024-10-14T13:35:13","slug":"refreshing-gel-2en1-500-ml","status":"publish","type":"product","link":"https:\/\/labquiroz.com\/josefernando\/producto\/refreshing-gel-2en1-500-ml\/","title":{"rendered":"Refreshing Gel \u2013 2en1 \u2013 500 ml"},"content":{"rendered":"<p>Refreshing Gel es un gel 2en1 formulado para aplicarse antes y desp\u00faes del afeitado, hidrata y al mismo tiempo suaviza la barba para un corte m\u00e1s f\u00e1cil, evitando el enrojecimiento e irritaci\u00f3n de la piel. Gracias a su acci\u00f3n descongestiva y refrescante, ya no es necesario la aplicaci\u00f3n de otro producto humectante despu\u00e9s del afeitado.<\/p>\n","protected":false},"excerpt":{"rendered":"<p>Refreshing Gel es un gel 2en1 formulado para aplicarse antes y desp\u00faes del afeitado, hidrata y al mismo tiempo suaviza la barba para un corte m\u00e1s f\u00e1cil, evitando el enrojecimiento e irritaci\u00f3n de la piel. Gracias a su acci\u00f3n descongestiva y refrescante, ya no es necesario la aplicaci\u00f3n de otro producto humectante despu\u00e9s del afeitado.<\/p>\n","protected":false},"featured_media":28261,"comment_status":"open","ping_status":"closed","template":"","meta":{"_et_pb_use_builder":"","_et_pb_old_content":"","_et_gb_content_width":""},"product_brand":[],"product_cat":[21],"product_tag":[],"class_list":{"0":"post-28260","1":"product","2":"type-product","3":"status-publish","4":"has-post-thumbnail","6":"product_cat-for-men","8":"first","9":"instock","10":"shipping-taxable","11":"purchasable","12":"product-type-simple"},"_links":{"self":[{"href":"https:\/\/labquiroz.com\/josefernando\/wp-json\/wp\/v2\/product\/28260","targetHints":{"allow":["GET"]}}],"collection":[{"href":"https:\/\/labquiroz.com\/josefernando\/wp-json\/wp\/v2\/product"}],"about":[{"href":"https:\/\/labquiroz.com\/josefernando\/wp-json\/wp\/v2\/types\/product"}],"replies":[{"embeddable":true,"href":"https:\/\/labquiroz.com\/josefernando\/wp-json\/wp\/v2\/comments?post=28260"}],"wp:featuredmedia":[{"embeddable":true,"href":"https:\/\/labquiroz.com\/josefernando\/wp-json\/wp\/v2\/media\/28261"}],"wp:attachment":[{"href":"https:\/\/labquiroz.com\/josefernando\/wp-json\/wp\/v2\/media?parent=28260"}],"wp:term":[{"taxonomy":"product_brand","embeddable":true,"href":"https:\/\/labquiroz.com\/josefernando\/wp-json\/wp\/v2\/product_brand?post=28260"},{"taxonomy":"product_cat","embeddable":true,"href":"https:\/\/labquiroz.com\/josefernando\/wp-json\/wp\/v2\/product_cat?post=28260"},{"taxonomy":"product_tag","embeddable":true,"href":"https:\/\/labquiroz.com\/josefernando\/wp-json\/wp\/v2\/product_tag?post=28260"}],"curies":[{"name":"wp","href":"https:\/\/api.w.org\/{rel}","templated":true}]}}