{"id":28256,"date":"2024-05-20T18:48:20","date_gmt":"2024-05-20T18:48:20","guid":{"rendered":"https:\/\/labquiroz.com\/josefernando\/?post_type=product&#038;p=28256"},"modified":"2024-10-14T13:33:26","modified_gmt":"2024-10-14T13:33:26","slug":"shampoo-prevencion-caspa-for-men-250-ml","status":"publish","type":"product","link":"https:\/\/labquiroz.com\/josefernando\/producto\/shampoo-prevencion-caspa-for-men-250-ml\/","title":{"rendered":"Shampoo Prevenci\u00f3n Caspa For Men 250 ml"},"content":{"rendered":"<p>F\u00f3rmula avanzada que cuida profundamente el cuero cabelludo protegi\u00e9ndolo de la caspa y previene su ca\u00edda.<\/p>\n<p><strong>Beneficios del producto:<\/strong><\/p>\n<p>* Elimina la caspa.<\/p>\n<p>* Previene la ca\u00edda del cabello.<\/p>\n<p>* Fortalece la hebra capilar.<\/p>\n<p>* Remueve la acumulaci\u00f3n de residuos e impurezas de la hebra capilar.<\/p>\n<p>* Repara, da brillo y suavidad al cabello.<\/p>\n","protected":false},"excerpt":{"rendered":"<p>F\u00f3rmula avanzada que cuida profundamente el cuero cabelludo protegi\u00e9ndolo de la caspa y previene su ca\u00edda. Beneficios del producto: * Elimina la caspa. * Previene la ca\u00edda del cabello. * Fortalece la hebra capilar. * Remueve la acumulaci\u00f3n de residuos e impurezas de la hebra capilar. * Repara, da brillo y suavidad al cabello.<\/p>\n","protected":false},"featured_media":28251,"comment_status":"open","ping_status":"closed","template":"","meta":{"_et_pb_use_builder":"","_et_pb_old_content":"","_et_gb_content_width":""},"product_brand":[],"product_cat":[21],"product_tag":[],"class_list":{"0":"post-28256","1":"product","2":"type-product","3":"status-publish","4":"has-post-thumbnail","6":"product_cat-for-men","8":"first","9":"instock","10":"shipping-taxable","11":"purchasable","12":"product-type-simple"},"_links":{"self":[{"href":"https:\/\/labquiroz.com\/josefernando\/wp-json\/wp\/v2\/product\/28256","targetHints":{"allow":["GET"]}}],"collection":[{"href":"https:\/\/labquiroz.com\/josefernando\/wp-json\/wp\/v2\/product"}],"about":[{"href":"https:\/\/labquiroz.com\/josefernando\/wp-json\/wp\/v2\/types\/product"}],"replies":[{"embeddable":true,"href":"https:\/\/labquiroz.com\/josefernando\/wp-json\/wp\/v2\/comments?post=28256"}],"wp:featuredmedia":[{"embeddable":true,"href":"https:\/\/labquiroz.com\/josefernando\/wp-json\/wp\/v2\/media\/28251"}],"wp:attachment":[{"href":"https:\/\/labquiroz.com\/josefernando\/wp-json\/wp\/v2\/media?parent=28256"}],"wp:term":[{"taxonomy":"product_brand","embeddable":true,"href":"https:\/\/labquiroz.com\/josefernando\/wp-json\/wp\/v2\/product_brand?post=28256"},{"taxonomy":"product_cat","embeddable":true,"href":"https:\/\/labquiroz.com\/josefernando\/wp-json\/wp\/v2\/product_cat?post=28256"},{"taxonomy":"product_tag","embeddable":true,"href":"https:\/\/labquiroz.com\/josefernando\/wp-json\/wp\/v2\/product_tag?post=28256"}],"curies":[{"name":"wp","href":"https:\/\/api.w.org\/{rel}","templated":true}]}}