{"id":28255,"date":"2024-05-20T18:46:27","date_gmt":"2024-05-20T18:46:27","guid":{"rendered":"https:\/\/labquiroz.com\/josefernando\/?post_type=product&#038;p=28255"},"modified":"2024-10-14T13:33:46","modified_gmt":"2024-10-14T13:33:46","slug":"shampoo-prevencion-caida-for-men-250-ml","status":"publish","type":"product","link":"https:\/\/labquiroz.com\/josefernando\/producto\/shampoo-prevencion-caida-for-men-250-ml\/","title":{"rendered":"Shampoo Prevenci\u00f3n Ca\u00edda For Men 250 ml"},"content":{"rendered":"<p>F\u00f3rmula especializada que detiene la ca\u00edda, estimula el fortalecimiento y crecimiento del cabello.<\/p>\n<p><strong>Beneficios del producto:<\/strong><\/p>\n<p>* Activa la circulaci\u00f3n capilar.<\/p>\n<p>* Elaborado con extractos naturales.<\/p>\n<p>* Fortalece la hebra capilar.<\/p>\n<p>* Retarda la calvicie gen\u00e9tica.<\/p>\n<p>* Remueve la acumulaci\u00f3n de residuos e impurezas de la hebra capilar.<\/p>\n","protected":false},"excerpt":{"rendered":"<p>F\u00f3rmula especializada que detiene la ca\u00edda, estimula el fortalecimiento y crecimiento del cabello. Beneficios del producto: * Activa la circulaci\u00f3n capilar. * Elaborado con extractos naturales. * Fortalece la hebra capilar. * Retarda la calvicie gen\u00e9tica. * Remueve la acumulaci\u00f3n de residuos e impurezas de la hebra capilar.<\/p>\n","protected":false},"featured_media":28253,"comment_status":"open","ping_status":"closed","template":"","meta":{"_et_pb_use_builder":"","_et_pb_old_content":"","_et_gb_content_width":""},"product_brand":[],"product_cat":[21],"product_tag":[],"class_list":{"0":"post-28255","1":"product","2":"type-product","3":"status-publish","4":"has-post-thumbnail","6":"product_cat-for-men","8":"first","9":"instock","10":"shipping-taxable","11":"purchasable","12":"product-type-simple"},"_links":{"self":[{"href":"https:\/\/labquiroz.com\/josefernando\/wp-json\/wp\/v2\/product\/28255","targetHints":{"allow":["GET"]}}],"collection":[{"href":"https:\/\/labquiroz.com\/josefernando\/wp-json\/wp\/v2\/product"}],"about":[{"href":"https:\/\/labquiroz.com\/josefernando\/wp-json\/wp\/v2\/types\/product"}],"replies":[{"embeddable":true,"href":"https:\/\/labquiroz.com\/josefernando\/wp-json\/wp\/v2\/comments?post=28255"}],"wp:featuredmedia":[{"embeddable":true,"href":"https:\/\/labquiroz.com\/josefernando\/wp-json\/wp\/v2\/media\/28253"}],"wp:attachment":[{"href":"https:\/\/labquiroz.com\/josefernando\/wp-json\/wp\/v2\/media?parent=28255"}],"wp:term":[{"taxonomy":"product_brand","embeddable":true,"href":"https:\/\/labquiroz.com\/josefernando\/wp-json\/wp\/v2\/product_brand?post=28255"},{"taxonomy":"product_cat","embeddable":true,"href":"https:\/\/labquiroz.com\/josefernando\/wp-json\/wp\/v2\/product_cat?post=28255"},{"taxonomy":"product_tag","embeddable":true,"href":"https:\/\/labquiroz.com\/josefernando\/wp-json\/wp\/v2\/product_tag?post=28255"}],"curies":[{"name":"wp","href":"https:\/\/api.w.org\/{rel}","templated":true}]}}