{"id":27143,"date":"2024-04-25T17:38:20","date_gmt":"2024-04-25T17:38:20","guid":{"rendered":"https:\/\/labquiroz.com\/josefernando\/?post_type=product&#038;p=27143"},"modified":"2024-10-14T13:34:26","modified_gmt":"2024-10-14T13:34:26","slug":"tonico-capilar-for-men-140-ml","status":"publish","type":"product","link":"https:\/\/labquiroz.com\/josefernando\/producto\/tonico-capilar-for-men-140-ml\/","title":{"rendered":"Tonico Capilar For Men 140 Ml"},"content":{"rendered":"<p>El t\u00f3nico capilar anticaida, es una loci\u00f3n que cuenta con una combinaci\u00f3n estrat\u00e9gica de extractos naturales para estimular el crecimiento y el fortalecimiento del cuero cabelludo.<\/p>\n","protected":false},"excerpt":{"rendered":"<p>El t\u00f3nico capilar anticaida, es una loci\u00f3n que cuenta con una combinaci\u00f3n estrat\u00e9gica de extractos naturales para estimular el crecimiento y el fortalecimiento del cuero cabelludo.<\/p>\n","protected":false},"featured_media":28227,"comment_status":"closed","ping_status":"closed","template":"","meta":{"_et_pb_use_builder":"","_et_pb_old_content":"","_et_gb_content_width":""},"product_brand":[],"product_cat":[21],"product_tag":[],"class_list":{"0":"post-27143","1":"product","2":"type-product","3":"status-publish","4":"has-post-thumbnail","6":"product_cat-for-men","8":"first","9":"instock","10":"shipping-taxable","11":"purchasable","12":"product-type-simple"},"_links":{"self":[{"href":"https:\/\/labquiroz.com\/josefernando\/wp-json\/wp\/v2\/product\/27143","targetHints":{"allow":["GET"]}}],"collection":[{"href":"https:\/\/labquiroz.com\/josefernando\/wp-json\/wp\/v2\/product"}],"about":[{"href":"https:\/\/labquiroz.com\/josefernando\/wp-json\/wp\/v2\/types\/product"}],"replies":[{"embeddable":true,"href":"https:\/\/labquiroz.com\/josefernando\/wp-json\/wp\/v2\/comments?post=27143"}],"wp:featuredmedia":[{"embeddable":true,"href":"https:\/\/labquiroz.com\/josefernando\/wp-json\/wp\/v2\/media\/28227"}],"wp:attachment":[{"href":"https:\/\/labquiroz.com\/josefernando\/wp-json\/wp\/v2\/media?parent=27143"}],"wp:term":[{"taxonomy":"product_brand","embeddable":true,"href":"https:\/\/labquiroz.com\/josefernando\/wp-json\/wp\/v2\/product_brand?post=27143"},{"taxonomy":"product_cat","embeddable":true,"href":"https:\/\/labquiroz.com\/josefernando\/wp-json\/wp\/v2\/product_cat?post=27143"},{"taxonomy":"product_tag","embeddable":true,"href":"https:\/\/labquiroz.com\/josefernando\/wp-json\/wp\/v2\/product_tag?post=27143"}],"curies":[{"name":"wp","href":"https:\/\/api.w.org\/{rel}","templated":true}]}}