{"id":27142,"date":"2024-04-25T17:38:20","date_gmt":"2024-04-25T17:38:20","guid":{"rendered":"https:\/\/labquiroz.com\/josefernando\/?post_type=product&#038;p=27142"},"modified":"2024-12-29T18:28:57","modified_gmt":"2024-12-29T18:28:57","slug":"jabon-intimo-for-men-240-ml","status":"publish","type":"product","link":"https:\/\/labquiroz.com\/josefernando\/producto\/jabon-intimo-for-men-240-ml\/","title":{"rendered":"Jabon Intimo For Men 240 Ml"},"content":{"rendered":"<p>Es un delicado jab\u00f3n para la higiene \u00edntima masculina, est\u00e1 formulado con \u00e1cido l\u00e1ctico que favorece el crecimiento de las c\u00e9lulas de defensa de la zona \u00edntima. Ayuda a mantener el pH normal de la piel, disminuyendo el riesgo de infecciones. Su exclusiva formula ofrece una sensaci\u00f3n prolongada de frescura y suavidad todos los d\u00edas.<\/p>\n","protected":false},"excerpt":{"rendered":"<p>Es un delicado jab\u00f3n para la higiene \u00edntima masculina, est\u00e1 formulado con \u00e1cido l\u00e1ctico que favorece el crecimiento de las c\u00e9lulas de defensa de la zona \u00edntima. Ayuda a mantener el pH normal de la piel, disminuyendo el riesgo de infecciones. Su exclusiva formula ofrece una sensaci\u00f3n prolongada de frescura y suavidad todos los d\u00edas.<\/p>\n","protected":false},"featured_media":28231,"comment_status":"closed","ping_status":"closed","template":"","meta":{"_et_pb_use_builder":"","_et_pb_old_content":"","_et_gb_content_width":""},"product_brand":[],"product_cat":[21],"product_tag":[],"class_list":{"0":"post-27142","1":"product","2":"type-product","3":"status-publish","4":"has-post-thumbnail","6":"product_cat-for-men","8":"first","9":"instock","10":"shipping-taxable","11":"purchasable","12":"product-type-simple"},"_links":{"self":[{"href":"https:\/\/labquiroz.com\/josefernando\/wp-json\/wp\/v2\/product\/27142","targetHints":{"allow":["GET"]}}],"collection":[{"href":"https:\/\/labquiroz.com\/josefernando\/wp-json\/wp\/v2\/product"}],"about":[{"href":"https:\/\/labquiroz.com\/josefernando\/wp-json\/wp\/v2\/types\/product"}],"replies":[{"embeddable":true,"href":"https:\/\/labquiroz.com\/josefernando\/wp-json\/wp\/v2\/comments?post=27142"}],"wp:featuredmedia":[{"embeddable":true,"href":"https:\/\/labquiroz.com\/josefernando\/wp-json\/wp\/v2\/media\/28231"}],"wp:attachment":[{"href":"https:\/\/labquiroz.com\/josefernando\/wp-json\/wp\/v2\/media?parent=27142"}],"wp:term":[{"taxonomy":"product_brand","embeddable":true,"href":"https:\/\/labquiroz.com\/josefernando\/wp-json\/wp\/v2\/product_brand?post=27142"},{"taxonomy":"product_cat","embeddable":true,"href":"https:\/\/labquiroz.com\/josefernando\/wp-json\/wp\/v2\/product_cat?post=27142"},{"taxonomy":"product_tag","embeddable":true,"href":"https:\/\/labquiroz.com\/josefernando\/wp-json\/wp\/v2\/product_tag?post=27142"}],"curies":[{"name":"wp","href":"https:\/\/api.w.org\/{rel}","templated":true}]}}