{"id":27141,"date":"2024-04-25T17:38:20","date_gmt":"2024-04-25T17:38:20","guid":{"rendered":"https:\/\/labquiroz.com\/josefernando\/?post_type=product&#038;p=27141"},"modified":"2024-10-14T13:34:59","modified_gmt":"2024-10-14T13:34:59","slug":"tratamiento-capilar-for-men-500-ml","status":"publish","type":"product","link":"https:\/\/labquiroz.com\/josefernando\/producto\/tratamiento-capilar-for-men-500-ml\/","title":{"rendered":"Tratamiento Capilar For Men 500 Ml"},"content":{"rendered":"<p>Tratamiento Capilar Jos\u00e9 Fernando, es una mascarilla reparadora para cabellos opacos. Reestructura la hebra maltratada del cabello y la barba, otorgando m\u00e1xima suavidad de manera instant\u00e1nea desde la ra\u00edz hasta las puntas.<\/p>\n","protected":false},"excerpt":{"rendered":"<p>Tratamiento Capilar Jos\u00e9 Fernando, es una mascarilla reparadora para cabellos opacos. Reestructura la hebra maltratada del cabello y la barba, otorgando m\u00e1xima suavidad de manera instant\u00e1nea desde la ra\u00edz hasta las puntas.<\/p>\n","protected":false},"featured_media":28223,"comment_status":"closed","ping_status":"closed","template":"","meta":{"_et_pb_use_builder":"","_et_pb_old_content":"","_et_gb_content_width":""},"product_brand":[],"product_cat":[21,23,22],"product_tag":[],"class_list":{"0":"post-27141","1":"product","2":"type-product","3":"status-publish","4":"has-post-thumbnail","6":"product_cat-for-men","7":"product_cat-productos-top-jose-fernando","8":"product_cat-top-hombres","10":"first","11":"instock","12":"shipping-taxable","13":"purchasable","14":"product-type-simple"},"_links":{"self":[{"href":"https:\/\/labquiroz.com\/josefernando\/wp-json\/wp\/v2\/product\/27141","targetHints":{"allow":["GET"]}}],"collection":[{"href":"https:\/\/labquiroz.com\/josefernando\/wp-json\/wp\/v2\/product"}],"about":[{"href":"https:\/\/labquiroz.com\/josefernando\/wp-json\/wp\/v2\/types\/product"}],"replies":[{"embeddable":true,"href":"https:\/\/labquiroz.com\/josefernando\/wp-json\/wp\/v2\/comments?post=27141"}],"wp:featuredmedia":[{"embeddable":true,"href":"https:\/\/labquiroz.com\/josefernando\/wp-json\/wp\/v2\/media\/28223"}],"wp:attachment":[{"href":"https:\/\/labquiroz.com\/josefernando\/wp-json\/wp\/v2\/media?parent=27141"}],"wp:term":[{"taxonomy":"product_brand","embeddable":true,"href":"https:\/\/labquiroz.com\/josefernando\/wp-json\/wp\/v2\/product_brand?post=27141"},{"taxonomy":"product_cat","embeddable":true,"href":"https:\/\/labquiroz.com\/josefernando\/wp-json\/wp\/v2\/product_cat?post=27141"},{"taxonomy":"product_tag","embeddable":true,"href":"https:\/\/labquiroz.com\/josefernando\/wp-json\/wp\/v2\/product_tag?post=27141"}],"curies":[{"name":"wp","href":"https:\/\/api.w.org\/{rel}","templated":true}]}}